{"id":17,"date":"2010-11-10T06:31:09","date_gmt":"2010-11-10T05:31:09","guid":{"rendered":"http:\/\/localhost\/?page_id=17"},"modified":"2025-05-05T11:26:41","modified_gmt":"2025-05-05T10:26:41","slug":"foretaget","status":"publish","type":"page","link":"https:\/\/www.ehlin-larsson.se\/","title":{"rendered":"Om oss"},"content":{"rendered":"\n<div class=\"wp-block-group is-layout-constrained wp-block-group-is-layout-constrained\"><div class=\"wp-block-group__inner-container\"><\/div><\/div>\n\n\n\n<p>Ehlin &amp; Larsson AB \u00e4r ett specialistf\u00f6retag inom fastighetsautomation med stark lokal n\u00e4rvaro och \u00f6ver ett flertal decennium av teknisk expertis. Vi utvecklar och levererar styr- och reglersystem f\u00f6r energieffektiva, funktionella och h\u00e5llbara fastigheter. Sedan 1999 har vi varit en p\u00e5litlig akt\u00f6r i branschen med kundens behov och l\u00e5ngsiktiga l\u00f6sningar i fokus.<\/p>\n\n\n\n<h1 class=\"wp-block-heading\">Omstrukturering och strategisk inriktning<\/h1>\n\n\n\n<p>Under 2024 genomf\u00f6rde Ehlin &amp; Larsson AB en omfattande omstrukturering som en del av ett generationsskifte. Detta innebar en strategisk avveckling av ventilationsentreprenadsverksamheten, som tidigare varit en av f\u00f6retagets tv\u00e5 huvudinriktningar. Fr\u00e5n och med januari 2024 \u00e4r Ehlin &amp; Larsson fullt fokuserat p\u00e5 fastighetsautomation. Omstruktureringen innebar \u00e4ven en effektivisering av organisationen, d\u00e4r antalet anst\u00e4llda gick fr\u00e5n 23 till dagens 12.<\/p>\n\n\n\n<h1 class=\"wp-block-heading\">V\u00e5r verksamhet \u2013 Fastighetsautomation<\/h1>\n\n\n\n<p>Ehlin &amp; Larsson arbetar med kompletta l\u00f6sningar f\u00f6r fastighetsautomation inom kommersiella fastigheter, industrier, offentlig sektor samt bost\u00e4der. Vi erbjuder projektering, programmering, installation, idrifttagning och service av moderna styrsystem f\u00f6r v\u00e4rme, ventilation och kyla (HVAC). Genom smarta l\u00f6sningar bidrar vi till energibesparingar, f\u00f6rb\u00e4ttrad inomhuskomfort och minskad milj\u00f6p\u00e5verkan.<\/p>\n\n\n\n<h1 class=\"wp-block-heading\">Koncern och \u00e4garstruktur<\/h1>\n\n\n\n<p>Ehlin &amp; Larsson AB f\u00f6rv\u00e4rvades i januari 2022 av Assemblin Ventilation AB. I april 2024 gick Assemblin samman med Caverion f\u00f6r att bilda Assemblin Caverion Group \u2013 en ledande nordeuropeisk akt\u00f6r inom tekniska installationer och servicetj\u00e4nster. Detta inneb\u00e4r att Ehlin &amp; Larsson idag \u00e4r en del av Assemblin Caverion Group, vilket st\u00e4rker v\u00e5r leveransf\u00f6rm\u00e5ga och l\u00e5ngsiktiga stabilitet.<\/p>\n\n\n\n<h1 class=\"wp-block-heading\">V\u00e5r vision<\/h1>\n\n\n\n<p>Ehlin &amp; Larsson AB str\u00e4var efter att vara den mest p\u00e5litliga och kompetenta partnern inom fastighetsautomation. Vi kombinerar teknisk spetskompetens med n\u00e4ra kundrelationer och en stark vilja att bidra till ett mer h\u00e5llbart samh\u00e4lle. Med st\u00f6d fr\u00e5n en stark koncern i ryggen forts\u00e4tter vi att utvecklas i takt med marknadens krav och teknologins m\u00f6jligheter.<\/p>\n\n\n\n<p class=\"has-text-align-left has-small-font-size\"> Kontakta oss p\u00e5 <a href=\"mailto:service@ehlin-larsson.se\">service@ehlin-larsson.se<\/a> s\u00e5 hj\u00e4lper vi dig!<\/p>\n\n\n\n<p class=\"has-text-align-left has-small-font-size\">F\u00f6lj oss p\u00e5 LinkedIn f\u00f6r uppdateringar om vad som h\u00e4nder och sker p\u00e5 Ehlin &amp; Larsson!<\/p>\n\n\n\n<p><\/p>\n","protected":false},"excerpt":{"rendered":"<p>Ehlin &amp; Larsson AB \u00e4r ett specialistf\u00f6retag inom fastighetsautomation med stark lokal n\u00e4rvaro och \u00f6ver ett flertal decennium av teknisk expertis. Vi utvecklar och levererar styr- och reglersystem f\u00f6r energieffektiva, funktionella och h\u00e5llbara fastigheter. Sedan 1999 har vi varit en &hellip; <a href=\"https:\/\/www.ehlin-larsson.se\/\">Forts\u00e4tt l\u00e4sa <span class=\"meta-nav\">&rarr;<\/span><\/a><\/p>\n","protected":false},"author":1,"featured_media":0,"parent":0,"menu_order":0,"comment_status":"closed","ping_status":"closed","template":"","meta":{"footnotes":""},"_links":{"self":[{"href":"https:\/\/www.ehlin-larsson.se\/index.php?rest_route=\/wp\/v2\/pages\/17"}],"collection":[{"href":"https:\/\/www.ehlin-larsson.se\/index.php?rest_route=\/wp\/v2\/pages"}],"about":[{"href":"https:\/\/www.ehlin-larsson.se\/index.php?rest_route=\/wp\/v2\/types\/page"}],"author":[{"embeddable":true,"href":"https:\/\/www.ehlin-larsson.se\/index.php?rest_route=\/wp\/v2\/users\/1"}],"replies":[{"embeddable":true,"href":"https:\/\/www.ehlin-larsson.se\/index.php?rest_route=%2Fwp%2Fv2%2Fcomments&post=17"}],"version-history":[{"count":79,"href":"https:\/\/www.ehlin-larsson.se\/index.php?rest_route=\/wp\/v2\/pages\/17\/revisions"}],"predecessor-version":[{"id":943,"href":"https:\/\/www.ehlin-larsson.se\/index.php?rest_route=\/wp\/v2\/pages\/17\/revisions\/943"}],"wp:attachment":[{"href":"https:\/\/www.ehlin-larsson.se\/index.php?rest_route=%2Fwp%2Fv2%2Fmedia&parent=17"}],"curies":[{"name":"wp","href":"https:\/\/api.w.org\/{rel}","templated":true}]}}